{"id":3012,"date":"2023-02-16T21:53:19","date_gmt":"2023-02-16T20:53:19","guid":{"rendered":"https:\/\/www.physactiv.eu\/?page_id=3012"},"modified":"2023-11-16T21:41:36","modified_gmt":"2023-11-16T20:41:36","slug":"volume-11-issue-2-2023","status":"publish","type":"page","link":"https:\/\/www.physactiv.eu\/index.php\/volume-11-issue-2-2023\/","title":{"rendered":"Volume 11, Issue 2, 2023"},"content":{"rendered":"\n<hr class=\"wp-block-separator has-alpha-channel-opacity\"\/>\n\n\n\n<p>Robert Gajda, Jacek Gajda<br><strong><a href=\"https:\/\/www.physactiv.eu\/wp-content\/uploads\/2023\/11\/2023_11228.pdf\">Sports Heart Rate Monitors as reliable diagnostic tools to detect arrhythmias in athletes \u2013 the need for more sophisticated Digital Devices<\/a><\/strong><br>Phys Act Rev 2023; 11(2): 138-141. doi: 10.16926\/par.2023.11.28<\/p>\n\n\n\n<hr class=\"wp-block-separator has-alpha-channel-opacity\"\/>\n\n\n\n<p>Matej Babi\u0107, Ivan Pobri\u0107, Dra\u017een \u010cular<br><strong><a href=\"https:\/\/www.physactiv.eu\/wp-content\/uploads\/2023\/09\/2023_11227.pdf\">Physiological response and biomarkers in kickboxing \u2013 systematic review<\/a><\/strong><br>Phys Act Rev 2023; 11(2): 120-137. doi: 10.16926\/par.2023.11.27<\/p>\n\n\n\n<hr class=\"wp-block-separator has-alpha-channel-opacity\"\/>\n\n\n\n<p>Marta Szymanek-Pilarczyk, Micha\u0142 Nowak, Robert Podstawski, Jacek W\u0105sik<br><strong><a href=\"https:\/\/www.physactiv.eu\/wp-content\/uploads\/2023\/09\/2023_11226.pdf\">Development of muscle power of the lower limbs as a result of training according to the model of modified tactical periodization in young soccer players<\/a><\/strong><br>Phys Act Rev 2023; 11(2): 112-119. doi: 10.16926\/par.2023.11.26<\/p>\n\n\n\n<hr class=\"wp-block-separator has-alpha-channel-opacity\"\/>\n\n\n\n<p>Mohammad Ahsan, Mohammad Feroz Ali, Abdullah Al-Zahrani<br><a href=\"https:\/\/www.physactiv.eu\/wp-content\/uploads\/2023\/08\/2023_11225.pdf\"><strong>Impact  of a pre-competition aerobic and anaerobic training on the maximal  aerobic capacity, anaerobic power, dynamic balance, and visual-motor  coordination of rugby and soccer players<\/strong><br><\/a>Phys Act Rev 2023; 11(2): 99-111. doi: 10.16926\/par.2023.11.25<\/p>\n\n\n\n<hr class=\"wp-block-separator has-alpha-channel-opacity\"\/>\n\n\n\n<p>Erika Chovanova, M\u00e1ria Majherova, Elena Bend\u00edkova<br><strong><a href=\"https:\/\/www.physactiv.eu\/wp-content\/uploads\/2023\/06\/2023_11224.pdf\">Age- and Gender-Specific Levels and Differences in Children\u2019s Gross Motor Coordination During Prepuberty<\/a><\/strong> <br>Phys Act Rev 2023; 11(2): 86-98. doi: 10.16926\/par.2023.11.24<\/p>\n\n\n\n<hr class=\"wp-block-separator has-alpha-channel-opacity\"\/>\n\n\n\n<p>Marian Skorik, David Brunn, Roman Svantner, Pavol Pivovarni\u010dek<br><strong><a href=\"https:\/\/www.physactiv.eu\/wp-content\/uploads\/2023\/05\/2023_11223.pdf\">The comparison of plyometric and speed training effect on speed abilities of soccer players: pilot study<\/a><\/strong><br>Phys Act Rev 2023; 11(2): 75-85. doi: 10.16926\/par.2023.11.23<\/p>\n\n\n\n<hr class=\"wp-block-separator has-alpha-channel-opacity\"\/>\n\n\n\n<p>Ifigeneia Kaouri, Eirini Argiriadou, Ermioni Katartzi, Maria Kontou, Anastasia-Kassiani Praskidou, Athanasia Kaouri, Ioannis Vrabas, Fotios Mavrovouniotis<br><strong><a href=\"https:\/\/www.physactiv.eu\/wp-content\/uploads\/2023\/05\/2023_11222.pdf\">The examination of the effects of a Greek traditional dance program on physical fitness parameters of high school students<\/a><\/strong><br>Phys Act Rev 2023; 11(2): 63-74. doi: 10.16926\/par.2023.11.22<\/p>\n\n\n\n<hr class=\"wp-block-separator has-alpha-channel-opacity\"\/>\n\n\n\n<p>Da-Hye Lee, Youngtaek Oh<br><strong><a href=\"https:\/\/www.physactiv.eu\/wp-content\/uploads\/2023\/04\/2023_11221.pdf\">The relationship between social support and health-promoting lifestyle: Mediating role of health self-efficacy<\/a><\/strong><br>Phys Act Rev 2023; 11(2): 52-62.  doi: 10.16926\/par.2023.11.21<\/p>\n\n\n\n<hr class=\"wp-block-separator has-alpha-channel-opacity\"\/>\n\n\n\n<p>Reci Antara, Wilda Welis, Masrun, Roma Irawan, Deby Tri Mario, Alnedral, Umar, Jacek W\u0105sik<br><strong><a href=\"https:\/\/www.physactiv.eu\/wp-content\/uploads\/2023\/04\/2023_11220.pdf\">Effects of agility, coordination, and flexibility on dribbling skills in senior high school female field hockey players<\/a><\/strong><br>Phys Act Rev 2023; 11(2): 42-51. doi: 10.16926\/par.2023.11.20<\/p>\n\n\n\n<hr class=\"wp-block-separator has-alpha-channel-opacity\"\/>\n\n\n\n<p>Hakan Celikhisar, Demir Fidel<br><strong><a href=\"https:\/\/www.physactiv.eu\/wp-content\/uploads\/2023\/04\/2023_11219.pdf\">The relationship between physical activity and oxidative stress biomarkers in older adults<\/a><\/strong><br>Phys Act Rev 2023; 11(2): 34- 41. doi: 10.16926\/par.2023.11.19<\/p>\n\n\n\n<hr class=\"wp-block-separator has-alpha-channel-opacity\"\/>\n\n\n\n<p>Matej Babi\u0107, Ana Kezi\u0107, Dra\u017een \u010cular<br><strong><a href=\"https:\/\/www.physactiv.eu\/wp-content\/uploads\/2023\/04\/2023_11218.pdf\">The Future of Genetic Testing in Taekwondo: Opportunities and Challenges<\/a><\/strong><br>Phys Act Rev 2023; 11(2): 21-33. doi: 10.16926\/par.2023.11.18<\/p>\n\n\n\n<hr class=\"wp-block-separator has-alpha-channel-opacity\"\/>\n\n\n\n<p>Iva Lon\u010dari\u0107 Kele\u010di\u0107, Snje\u017eana Schuster, Eva Ur\u0161ej<br><strong><a href=\"https:\/\/www.physactiv.eu\/wp-content\/uploads\/2023\/03\/2023_11217.pdf\">Urinary incontinence and risk factors among Croatian female athletes &#8211; a pilot cross-sectional observational study<\/a><\/strong><br>Phys Act Rev 2023; 11(2): 9-20. doi: 10.16926\/par.2023.11.17<\/p>\n\n\n\n<hr class=\"wp-block-separator has-alpha-channel-opacity\"\/>\n\n\n\n<p>Agata Horbacz, Ladislav Kru\u010danica, Zuzana Kov\u00e1\u010dikov\u00e1<br><strong><a href=\"https:\/\/www.physactiv.eu\/wp-content\/uploads\/2023\/03\/2023_11216.pdf\">The effect of 8-week multicomponent intervention on physical fitness in trained older women<\/a><\/strong><br>Phys Act Rev 2023; 11(2): 1-8. doi: 10.16926\/par.2023.11.16<\/p>\n\n\n\n<hr class=\"wp-block-separator has-alpha-channel-opacity\"\/>\n","protected":false},"excerpt":{"rendered":"<p>Robert Gajda, Jacek GajdaSports Heart Rate Monitors as reliable diagnostic tools to detect arrhythmias in athletes \u2013 the need for more sophisticated Digital DevicesPhys Act Rev 2023; 11(2): 138-141. doi: 10.16926\/par.2023.11.28 Matej Babi\u0107, Ivan Pobri\u0107, Dra\u017een \u010cularPhysiological response and biomarkers in kickboxing \u2013 systematic reviewPhys Act Rev 2023; 11(2): 120-137. doi: 10.16926\/par.2023.11.27 Marta Szymanek-Pilarczyk, Micha\u0142 &hellip; <a href=\"https:\/\/www.physactiv.eu\/index.php\/volume-11-issue-2-2023\/\" class=\"more-link\">Continue reading <span class=\"screen-reader-text\">Volume 11, Issue 2, 2023<\/span> <span class=\"meta-nav\">&rarr;<\/span><\/a><\/p>\n","protected":false},"author":1,"featured_media":0,"parent":0,"menu_order":0,"comment_status":"closed","ping_status":"closed","template":"","meta":{"footnotes":""},"class_list":["post-3012","page","type-page","status-publish","hentry"],"_links":{"self":[{"href":"https:\/\/www.physactiv.eu\/index.php\/wp-json\/wp\/v2\/pages\/3012","targetHints":{"allow":["GET"]}}],"collection":[{"href":"https:\/\/www.physactiv.eu\/index.php\/wp-json\/wp\/v2\/pages"}],"about":[{"href":"https:\/\/www.physactiv.eu\/index.php\/wp-json\/wp\/v2\/types\/page"}],"author":[{"embeddable":true,"href":"https:\/\/www.physactiv.eu\/index.php\/wp-json\/wp\/v2\/users\/1"}],"replies":[{"embeddable":true,"href":"https:\/\/www.physactiv.eu\/index.php\/wp-json\/wp\/v2\/comments?post=3012"}],"version-history":[{"count":50,"href":"https:\/\/www.physactiv.eu\/index.php\/wp-json\/wp\/v2\/pages\/3012\/revisions"}],"predecessor-version":[{"id":3333,"href":"https:\/\/www.physactiv.eu\/index.php\/wp-json\/wp\/v2\/pages\/3012\/revisions\/3333"}],"wp:attachment":[{"href":"https:\/\/www.physactiv.eu\/index.php\/wp-json\/wp\/v2\/media?parent=3012"}],"curies":[{"name":"wp","href":"https:\/\/api.w.org\/{rel}","templated":true}]}}